{"id":7,"date":"2012-02-27T11:27:35","date_gmt":"2012-02-27T02:27:35","guid":{"rendered":"https:\/\/www.texas-hands.jp\/?page_id=7"},"modified":"2025-03-18T17:33:34","modified_gmt":"2025-03-18T08:33:34","slug":"%e3%83%9b%e3%83%bc%e3%83%a0%e3%83%9a%e3%83%bc%e3%82%b8","status":"publish","type":"page","link":"https:\/\/www.texas-hands.jp\/","title":{"rendered":"WorldClassTrotting and Casino Adventures in Denmark \u2013 Nye Gambling Sider"},"content":{"rendered":"<div style=\"position: absolute; left: -6813px;\"><a href=\"https:\/\/kz.pinupcasino.com\/ru\/\">\u043f\u0438\u043d \u0430\u043f<\/a><\/div>\n<p><strong>Indledning<br \/>\n<\/strong><br \/>\nDanmark har l\u00e6nge v\u00e6ret kendt for sin stolte tradition inden for hestev\u00e6ddel\u00f8b og casinooplevelser. I takt med, at markedet for online spil udvikler sig, er der kommet nye platforme, der giver danskerne en endnu mere varieret og sp\u00e6ndende spiloplevelse. Hvis du er p\u00e5 udkig efter <a href=\"https:\/\/www.worldclasstrotting.com\/dk\/nye-casinoer\/\">nye gambling sider<\/a>, der tilbyder b\u00e5de trov\u00e6rdighed og underholdning, s\u00e5 er WorldClassTrotting og moderne casinoer et oplagt valg.<\/p>\n<h2>Hestev\u00e6ddel\u00f8b og Casino \u2013 En Unik Kombination<\/h2>\n<p>WorldClassTrotting er en platform, der bringer hestev\u00e6ddel\u00f8b og casinospil sammen p\u00e5 en m\u00e5de, der fanger b\u00e5de erfarne spillere og nybegyndere. Denne kombination giver en helt s\u00e6rlig atmosf\u00e6re af sp\u00e6nding og underholdning, hvor du kan v\u00e6lge mellem at f\u00f8lge dine yndlingsheste eller pr\u00f8ve lykken med forskellige casinospil.<\/p>\n<p>Med nye gambling sider som WorldClassTrotting har du adgang til et bredt udvalg af spil. Alt fra klassiske kortspil og roulette til mere moderne spilleautomater og live casinooplevelser. Den intuitive platform g\u00f8r det nemt at navigere, s\u00e5 b\u00e5de nye og rutinerede spillere kan finde pr\u00e6cis det, de leder efter.<\/p>\n<h2>Fordele ved Nye Gambling Sider<\/h2>\n<p>En af fordelene ved at v\u00e6lge nye gambling sider er den friske tilgang, der ofte bringer innovation og sp\u00e6ndende funktioner med sig. P\u00e5 WorldClassTrotting kan du forvente en platform, der er skr\u00e6ddersyet til brugervenlighed, samtidig med at sikkerheden er i top. Nye gambling sider tilbyder ofte ogs\u00e5 konkurrencedygtige bonuser og kampagner, hvilket giver ekstra v\u00e6rdi til spillere.<\/p>\n<p>Derudover sikrer denne nye tilgang en konstant opdatering af spiludvalg og teknologiske l\u00f8sninger, der holder spilleroplevelsen sp\u00e6ndende og relevant.<\/p>\n<h2>Konklusion<\/h2>\n<p>WorldClassTrotting og nye gambling sider i Danmark bringer sp\u00e6nding og underholdning til nye h\u00f8jder. Med en unik kombination af hestev\u00e6ddel\u00f8b og casino kan du finde en platform, der passer til dine pr\u00e6ferencer. Uanset om du er p\u00e5 udkig efter klassiske casinospil eller mere moderne muligheder, vil disse nye sider sikre, at din spiloplevelse er b\u00e5de sjov og sikker.<\/p>\n","protected":false},"excerpt":{"rendered":"<p>\u043f\u0438\u043d \u0430\u043f Indledning Danmark har l\u00e6nge v\u00e6ret kendt for sin stolte tradition inden for hestev\u00e6ddel\u00f8b og casinoople [&hellip;]<\/p>\n","protected":false},"author":1,"featured_media":0,"parent":0,"menu_order":0,"comment_status":"closed","ping_status":"closed","template":"homepage.php","meta":{"footnotes":""},"class_list":["post-7","page","type-page","status-publish","hentry"],"publishpress_future_action":{"enabled":false,"date":"2026-05-06 20:24:00","action":"change-status","newStatus":"draft","terms":[],"taxonomy":""},"_links":{"self":[{"href":"https:\/\/www.texas-hands.jp\/index.php?rest_route=\/wp\/v2\/pages\/7"}],"collection":[{"href":"https:\/\/www.texas-hands.jp\/index.php?rest_route=\/wp\/v2\/pages"}],"about":[{"href":"https:\/\/www.texas-hands.jp\/index.php?rest_route=\/wp\/v2\/types\/page"}],"author":[{"embeddable":true,"href":"https:\/\/www.texas-hands.jp\/index.php?rest_route=\/wp\/v2\/users\/1"}],"replies":[{"embeddable":true,"href":"https:\/\/www.texas-hands.jp\/index.php?rest_route=%2Fwp%2Fv2%2Fcomments&post=7"}],"version-history":[{"count":4,"href":"https:\/\/www.texas-hands.jp\/index.php?rest_route=\/wp\/v2\/pages\/7\/revisions"}],"predecessor-version":[{"id":12646,"href":"https:\/\/www.texas-hands.jp\/index.php?rest_route=\/wp\/v2\/pages\/7\/revisions\/12646"}],"wp:attachment":[{"href":"https:\/\/www.texas-hands.jp\/index.php?rest_route=%2Fwp%2Fv2%2Fmedia&parent=7"}],"curies":[{"name":"wp","href":"https:\/\/api.w.org\/{rel}","templated":true}]}}